{"id":2296,"date":"2023-04-25T07:13:41","date_gmt":"2023-04-25T07:13:41","guid":{"rendered":"https:\/\/www.beesilent.cz\/?post_type=product&#038;p=2296"},"modified":"2024-11-21T15:51:49","modified_gmt":"2024-11-21T15:51:49","slug":"mikrokomp-pro-cz-scorpion-evo3-a1","status":"publish","type":"product","link":"https:\/\/www.beesilent.cz\/?product=mikrokomp-pro-cz-scorpion-evo3-a1","title":{"rendered":"MicroComp pro CZ SCORPION EVO3 A1"},"content":{"rendered":"<p>Kompenz\u00e1tor se z\u00e1vitovou redukc\u00ed pro tlumi\u010de BeeSilent na CZ SCORPION EVO3 A1<\/p>\n","protected":false},"excerpt":{"rendered":"<p>Kompenz\u00e1tor se z\u00e1vitovou redukc\u00ed pro tlumi\u010de BeeSilent na CZ SCORPION EVO3 A1<\/p>\n<p>&nbsp;<\/p>\n<p>&nbsp;<\/p>\n","protected":false},"featured_media":2297,"template":"","meta":[],"_links":{"self":[{"href":"https:\/\/www.beesilent.cz\/index.php?rest_route=\/wp\/v2\/product\/2296"}],"collection":[{"href":"https:\/\/www.beesilent.cz\/index.php?rest_route=\/wp\/v2\/product"}],"about":[{"href":"https:\/\/www.beesilent.cz\/index.php?rest_route=\/wp\/v2\/types\/product"}],"wp:featuredmedia":[{"embeddable":true,"href":"https:\/\/www.beesilent.cz\/index.php?rest_route=\/wp\/v2\/media\/2297"}],"wp:attachment":[{"href":"https:\/\/www.beesilent.cz\/index.php?rest_route=%2Fwp%2Fv2%2Fmedia&parent=2296"}],"curies":[{"name":"wp","href":"https:\/\/api.w.org\/{rel}","templated":true}]}}