{"id":2265,"date":"2021-05-26T22:06:44","date_gmt":"2021-05-26T22:06:44","guid":{"rendered":"https:\/\/www.beesilent.cz\/?post_type=product&#038;p=2265"},"modified":"2024-11-21T15:52:49","modified_gmt":"2024-11-21T15:52:49","slug":"redukce-pro-micro-uzi","status":"publish","type":"product","link":"https:\/\/www.beesilent.cz\/?product=redukce-pro-micro-uzi","title":{"rendered":"Redukce pro Micro UZI"},"content":{"rendered":"<p>Z\u00e1vitov\u00e1 redukce tlumi\u010de BeeSilent na Micro UZI<\/p>\n<p>Vnit\u0159n\u00ed z\u00e1vit <strong>M24x1. <\/strong><\/p>\n<p>Materi\u00e1l &#8211; zu\u0161lechtil\u00e1, tepeln\u011b zpracovan\u00e1 ocel; chemicko-tepeln\u011b \u010dern\u011bno; pro uchov\u00e1n\u00ed st\u00e1losti o\u0161et\u0159ujte olejem.<\/p>\n","protected":false},"excerpt":{"rendered":"<p>Z\u00e1vitov\u00e1 redukce tlumi\u010de BeeSilent na Micro UZI<\/p>\n<p>Vnit\u0159n\u00ed z\u00e1vit <strong>M24x1. <\/strong><\/p>\n<p>Materi\u00e1l &#8211; zu\u0161lechtil\u00e1, tepeln\u011b zpracovan\u00e1 ocel; chemicko-tepeln\u011b \u010dern\u011bno; pro uchov\u00e1n\u00ed st\u00e1losti o\u0161et\u0159ujte olejem.<\/p>\n<p>&nbsp;<\/p>\n","protected":false},"featured_media":2264,"template":"","meta":[],"_links":{"self":[{"href":"https:\/\/www.beesilent.cz\/index.php?rest_route=\/wp\/v2\/product\/2265"}],"collection":[{"href":"https:\/\/www.beesilent.cz\/index.php?rest_route=\/wp\/v2\/product"}],"about":[{"href":"https:\/\/www.beesilent.cz\/index.php?rest_route=\/wp\/v2\/types\/product"}],"wp:featuredmedia":[{"embeddable":true,"href":"https:\/\/www.beesilent.cz\/index.php?rest_route=\/wp\/v2\/media\/2264"}],"wp:attachment":[{"href":"https:\/\/www.beesilent.cz\/index.php?rest_route=%2Fwp%2Fv2%2Fmedia&parent=2265"}],"curies":[{"name":"wp","href":"https:\/\/api.w.org\/{rel}","templated":true}]}}