{"id":2206,"date":"2021-03-04T14:18:22","date_gmt":"2021-03-04T14:18:22","guid":{"rendered":"http:\/\/www.beesilent.cz.uvirt105.active24.cz\/?post_type=product&#038;p=2206"},"modified":"2024-11-21T15:53:43","modified_gmt":"2024-11-21T15:53:43","slug":"sklicidlo-na-skorpiona-sa-vz-61","status":"publish","type":"product","link":"https:\/\/www.beesilent.cz\/?product=sklicidlo-na-skorpiona-sa-vz-61","title":{"rendered":"Skl\u00ed\u010didlo na \u0160korpiona Sa vz. 61"},"content":{"rendered":"<p>Z\u00e1vitov\u00e1 redukce na hlave\u0148 Sa vz. 61 pro tlumi\u010de BeeSilent.<\/p>\n<p>Skl\u00ed\u010didlo se uchyt\u00ed na &#8222;zvet\u0161en\u00fd prst\u00fdnek&#8220; na hlavni.<\/p>\n","protected":false},"excerpt":{"rendered":"<p>Z\u00e1vitov\u00e1 redukce na hlave\u0148 Sa vz. 61 pro tlumi\u010de BeeSilent.<\/p>\n<p>Skl\u00ed\u010didlo se uchyt\u00ed na &#8222;zvet\u0161en\u00fd prst\u00fdnek&#8220; na hlavni.<\/p>\n","protected":false},"featured_media":2208,"template":"","meta":[],"_links":{"self":[{"href":"https:\/\/www.beesilent.cz\/index.php?rest_route=\/wp\/v2\/product\/2206"}],"collection":[{"href":"https:\/\/www.beesilent.cz\/index.php?rest_route=\/wp\/v2\/product"}],"about":[{"href":"https:\/\/www.beesilent.cz\/index.php?rest_route=\/wp\/v2\/types\/product"}],"wp:featuredmedia":[{"embeddable":true,"href":"https:\/\/www.beesilent.cz\/index.php?rest_route=\/wp\/v2\/media\/2208"}],"wp:attachment":[{"href":"https:\/\/www.beesilent.cz\/index.php?rest_route=%2Fwp%2Fv2%2Fmedia&parent=2206"}],"curies":[{"name":"wp","href":"https:\/\/api.w.org\/{rel}","templated":true}]}}