{"id":2176,"date":"2021-03-03T22:02:59","date_gmt":"2021-03-03T22:02:59","guid":{"rendered":"http:\/\/www.beesilent.cz.uvirt105.active24.cz\/?post_type=product&#038;p=2176"},"modified":"2024-11-21T15:51:05","modified_gmt":"2024-11-21T15:51:05","slug":"tlumic-beesilent-short","status":"publish","type":"product","link":"https:\/\/www.beesilent.cz\/?product=tlumic-beesilent-short","title":{"rendered":"Tlumi\u010d BeeSilent Short"},"content":{"rendered":"<p><strong>TLUMI\u010c HLUKU V\u00ddST\u0158ELU<\/strong> \u00a0<strong>BeeSilent<\/strong>\u00a0<strong>Short Suppressor<\/strong><\/p>\n<ul>\n<li>Origin\u00e1ln\u00ed technologie a design <strong>BeeSilent<\/strong><\/li>\n<li>Od n\u00e1vrhu po realizaci kompletn\u011b produkov\u00e1no v\u00a0\u010cR<\/li>\n<li>Pro subsonick\u00e9 i supersonick\u00e9 st\u0159elivo<\/li>\n<li>Jedno t\u011blo tlumi\u010de na v\u00edce zbran\u00ed<\/li>\n<\/ul>\n<p><strong>Tento produkt je ur\u010den pro civiln\u00ed pou\u017eit\u00ed pro pu\u0161ky opakovac\u00ed a samonab\u00edjec\u00ed, PDW a pistole s\u00a0fixn\u00ed hlavn\u00ed.<br \/>\n<\/strong><\/p>\n<p>V\u00e1ha: 340 g<\/p>\n<p>D\u00e9lka: 195 mm<\/p>\n<p>Vn\u011bj\u0161\u00ed pr\u016fm\u011br: 44 mm<\/p>\n<p>Doporu\u010den\u00e9 kalibry:<\/p>\n<p>Pu\u0161kov\u00e9 r\u00e1\u017ee: 22LR a\u017e 338 Lapua Magnum<br \/>\nSubsonick\u00e9 a supersonick\u00e9 r\u00e1\u017ee o maxim\u00e1ln\u00edm tlaku 4400 Bar.<\/p>\n<p>Pistolov\u00e9 r\u00e1\u017ee: .22LR a\u017e 9mm Luger.<br \/>\nSubsonick\u00e9 a supersonick\u00e9 r\u00e1\u017ee o maxim\u00e1ln\u00edm tlaku 4400 Bar.<\/p>\n<p><strong>Efektivn\u00ed \u00fatlum z\u00e1vis\u00ed na pou\u017eit\u00e9m st\u0159elivu a prost\u0159ed\u00ed<br \/>\n<\/strong><strong>(supersonick\u00e9 st\u0159elivo b\u011b\u017en\u00fdch pu\u0161kov\u00fdch r\u00e1\u017e\u00ed .223REM nebo 7,62&#215;39, <\/strong><strong>kter\u00e9 bez tlumi\u010de generuje hluk 140-160 dB, p\u0159i pou\u017eit\u00ed s tlumi\u010dem generuje hluk v rozmez\u00ed 110-130 dB)<\/strong><\/p>\n<p><a href=\"https:\/\/www.beesilent.cz\/?attachment_id=2268\" rel=\"attachment wp-att-2268\"><span style=\"color: #3366ff;\"><strong>Aktu\u00e1ln\u00ed n\u00e1vod ke sta\u017een\u00ed: BeeSilent_navod_CZ<\/strong><\/span><\/a><\/p>\n","protected":false},"excerpt":{"rendered":"<p>TLUMI\u010c HLUKU V\u00ddST\u0158ELU BeeSilent\u00ae Suppressor<\/p>\n<p>Pu\u0161kov\u00e9 r\u00e1\u017ee: 22LR a\u017e 338 Lapua Magnum &#8211; Subsonick\u00e9 a supersonick\u00e9 r\u00e1\u017ee o maxim\u00e1ln\u00edm tlaku 4400 Bar.<\/p>\n<p>Pistolov\u00e9 r\u00e1\u017ee: .22LR a\u017e 9mm Luger &#8211;\u00a0 Subsonick\u00e9 a supersonick\u00e9 r\u00e1\u017ee o maxim\u00e1ln\u00edm tlaku 4400 Bar.<\/p>\n<p>&nbsp;<\/p>\n","protected":false},"featured_media":2211,"template":"","meta":[],"_links":{"self":[{"href":"https:\/\/www.beesilent.cz\/index.php?rest_route=\/wp\/v2\/product\/2176"}],"collection":[{"href":"https:\/\/www.beesilent.cz\/index.php?rest_route=\/wp\/v2\/product"}],"about":[{"href":"https:\/\/www.beesilent.cz\/index.php?rest_route=\/wp\/v2\/types\/product"}],"wp:featuredmedia":[{"embeddable":true,"href":"https:\/\/www.beesilent.cz\/index.php?rest_route=\/wp\/v2\/media\/2211"}],"wp:attachment":[{"href":"https:\/\/www.beesilent.cz\/index.php?rest_route=%2Fwp%2Fv2%2Fmedia&parent=2176"}],"curies":[{"name":"wp","href":"https:\/\/api.w.org\/{rel}","templated":true}]}}